{"id":547,"date":"2024-03-08T21:08:00","date_gmt":"2024-03-08T21:08:00","guid":{"rendered":"https:\/\/mproduccion.datacentersgo.gob.ar\/?page_id=547"},"modified":"2026-04-13T12:30:24","modified_gmt":"2026-04-13T15:30:24","slug":"departamento-de-rumiantes-menores","status":"publish","type":"page","link":"https:\/\/mproduccion.datacentersgo.gob.ar\/index.php\/departamento-de-rumiantes-menores\/","title":{"rendered":"Departamento de Rumiantes Menores"},"content":{"rendered":"\t\t<div data-elementor-type=\"wp-page\" data-elementor-id=\"547\" class=\"elementor elementor-547\" data-elementor-post-type=\"page\">\n\t\t\t\t\t\t<section class=\"elementor-section elementor-top-section elementor-element elementor-element-58262acd elementor-section-boxed elementor-section-height-default elementor-section-height-default\" data-id=\"58262acd\" data-element_type=\"section\">\n\t\t\t\t\t\t<div class=\"elementor-container elementor-column-gap-default\">\n\t\t\t\t\t<div class=\"elementor-column elementor-col-100 elementor-top-column elementor-element elementor-element-44aee4\" data-id=\"44aee4\" data-element_type=\"column\">\n\t\t\t<div class=\"elementor-widget-wrap elementor-element-populated\">\n\t\t\t\t\t\t<div class=\"elementor-element elementor-element-650ce019 elementor-widget elementor-widget-text-editor\" data-id=\"650ce019\" data-element_type=\"widget\" data-widget_type=\"text-editor.default\">\n\t\t\t\t<div class=\"elementor-widget-container\">\n\t\t\t\t\t\t\t\t\t\n<p class=\"MsoNormal\"><span lang=\"ES-MX\" style=\"mso-bidi-font-size: 14.0pt; line-height: 107%;\">La <strong>Direcci\u00f3n General de Agricultura y Ganader\u00eda<\/strong> (DGAyG) cuenta con el <strong>Departamento de Rumiantes Menores<\/strong>, conformado por un equipo de t\u00e9cnicos, laboratoristas y una m\u00e9dica veterinaria, especializados en dichas especies. El mismo ofrece servicios destinados a los peque\u00f1os productores de la provincia de manera gratuita, los cuales se pueden nombrar: <\/span><\/p>\n<p><\/p>\n<ul class=\"wp-block-list\">\n<li><span lang=\"ES-MX\" style=\"mso-bidi-font-size: 14.0pt; line-height: 107%;\">Capacitaciones en diversas tem\u00e1ticas, tales como; razas, sanidad, manejo, instalaciones, nutrici\u00f3n, comercializaci\u00f3n, etc.<\/span><\/li>\n\n<li><span lang=\"ES-MX\" style=\"mso-bidi-font-size: 14.0pt; line-height: 107%;\">Campa\u00f1as de asistencia sanitaria a majadas con antiparasitarios y multivitam\u00ednicos.<\/span><\/li>\n\n<li><span lang=\"ES-MX\" style=\"mso-bidi-font-size: 14.0pt; line-height: 107%;\"><span style=\"font-size: revert; color: initial;\">Control reproductivo mediante sincronizaci\u00f3n y t\u00e9cnica de Inseminaci\u00f3n Artificial con semen fresco.<\/span><\/span><\/li>\n\n<li><span style=\"font-size: revert; color: initial;\">Sangrados y procesamiento de muestras en el Laboratorio para descartar Brucelosis caprina (enfermedad zoon\u00f3tica) y otras patolog\u00edas.<\/span><\/li>\n\n<li><span style=\"font-size: revert; color: initial;\">Capacitaci\u00f3n te\u00f3rico-pr\u00e1ctico en aprovechamiento de las cabras viejas (chacinados).<\/span><\/li>\n\n<li><span style=\"font-size: revert; color: initial;\">Entrega de peque\u00f1os reproductores a diferentes asociaciones con el objetivo de mejorar gen\u00e9ticamente las majadas.<\/span><\/li>\n\n<li><span style=\"font-size: revert; color: initial;\">Visita guiada a la Caba\u00f1a caprina\/ ovina \u201cColonia Pinto\u201d, ubicada en la localidad de Colonia Pinto (Departamento San Martin) sobre la Ruta provincial N\u00b0 1, a 42 km de la Capital de Santiago del Estero.<\/span>\n<p class=\"MsoNormal\">\u00a0<\/p>\n<p class=\"MsoNormal\">\u00a0<\/p>\n<\/li>\n<\/ul>\n<p><\/p>\n<p><span lang=\"ES-MX\" style=\"mso-bidi-font-size: 14.0pt; line-height: 107%;\">Para adquirir los servicios del Departamento de Rumiantes Menores, en necesario presentar una nota dirigida al Director de la DGAyG ( Ing. Javier Togo), en donde se especifique:<\/span><\/p>\n<p><\/p>\n<ul class=\"wp-block-list\">\n<li><span lang=\"ES-MX\" style=\"mso-bidi-font-size: 14.0pt; line-height: 107%;\">La ubicaci\u00f3n de origen<\/span><\/li>\n\n<li><span lang=\"ES-MX\" style=\"mso-bidi-font-size: 14.0pt; line-height: 107%;\">El\/la Asociaci\u00f3n\/ grupo\/ Coop. a la que pertenece<\/span><\/li>\n\n<li>C<span lang=\"ES-MX\" style=\"mso-bidi-font-size: 14.0pt; line-height: 107%;\">antidad detallada de beneficiarios (nombre, apellido, DNI y cel de contacto)<\/span><\/li>\n\n<li>A<span lang=\"ES-MX\" style=\"mso-bidi-font-size: 14.0pt; line-height: 107%;\">djuntar un relevamiento de la cantidad de animales (caprinos\/ ovinos) que presenta cada socio<\/span><\/li>\n\n<li>I<span lang=\"ES-MX\" style=\"mso-bidi-font-size: 14.0pt; line-height: 107%;\">ndicar el servicio requerido<\/span><\/li>\n<\/ul>\n<p><\/p>\n<p><span lang=\"ES-MX\" style=\"mso-bidi-font-size: 14.0pt; line-height: 107%;\">A modo de ejemplo de adjunta un modelo a presentar:<\/span><\/p>\n<p><\/p>\n<div class=\"wp-block-file\">\u00a0<\/div>\n<p><\/p>\t\t\t\t\t\t\t\t<\/div>\n\t\t\t\t<\/div>\n\t\t\t\t\t<\/div>\n\t\t<\/div>\n\t\t\t\t\t<\/div>\n\t\t<\/section>\n\t\t\t\t<section class=\"elementor-section elementor-top-section elementor-element elementor-element-9b161ed elementor-section-boxed elementor-section-height-default elementor-section-height-default\" data-id=\"9b161ed\" data-element_type=\"section\">\n\t\t\t\t\t\t<div class=\"elementor-container elementor-column-gap-default\">\n\t\t\t\t\t<div class=\"elementor-column elementor-col-100 elementor-top-column elementor-element elementor-element-cefba55\" data-id=\"cefba55\" data-element_type=\"column\" data-settings=\"{&quot;background_background&quot;:&quot;classic&quot;}\">\n\t\t\t<div class=\"elementor-widget-wrap elementor-element-populated\">\n\t\t\t\t\t\t<div class=\"elementor-element elementor-element-d38669b elementor-widget elementor-widget-heading\" data-id=\"d38669b\" data-element_type=\"widget\" data-widget_type=\"heading.default\">\n\t\t\t\t<div class=\"elementor-widget-container\">\n\t\t\t\t\t<h3 class=\"elementor-heading-title elementor-size-default\"><a href=\"https:\/\/mproduccion.datacentersgo.gob.ar\/wp-content\/uploads\/2026\/03\/resolucion-hormonales-santiago-del-estero.pdf\">Resolucion Nota ejemplo departamento Rumiantes Menores<\/a><\/h3>\t\t\t\t<\/div>\n\t\t\t\t<\/div>\n\t\t\t\t<div class=\"elementor-element elementor-element-13588c1 elementor-align-center elementor-widget elementor-widget-button\" data-id=\"13588c1\" data-element_type=\"widget\" data-widget_type=\"button.default\">\n\t\t\t\t<div class=\"elementor-widget-container\">\n\t\t\t\t\t\t\t\t\t<div class=\"elementor-button-wrapper\">\n\t\t\t\t\t<a class=\"elementor-button elementor-button-link elementor-size-sm\" href=\"https:\/\/mproduccion.datacentersgo.gob.ar\/wp-content\/uploads\/2026\/04\/Nota-ejemplo-Departamento-de-Rumiantes-Menores-1.docx\">\n\t\t\t\t\t\t<span class=\"elementor-button-content-wrapper\">\n\t\t\t\t\t\t<span class=\"elementor-button-icon\">\n\t\t\t\t<i aria-hidden=\"true\" class=\"fas fa-file-download\"><\/i>\t\t\t<\/span>\n\t\t\t\t\t\t\t\t\t<span class=\"elementor-button-text\">Descargar Formulario<\/span>\n\t\t\t\t\t<\/span>\n\t\t\t\t\t<\/a>\n\t\t\t\t<\/div>\n\t\t\t\t\t\t\t\t<\/div>\n\t\t\t\t<\/div>\n\t\t\t\t<div class=\"elementor-element elementor-element-925c87a elementor-hidden-desktop elementor-hidden-tablet elementor-hidden-mobile elementor-widget elementor-widget-text-editor\" data-id=\"925c87a\" data-element_type=\"widget\" data-widget_type=\"text-editor.default\">\n\t\t\t\t<div class=\"elementor-widget-container\">\n\t\t\t\t\t\t\t\t\t<p>Info de contacto<\/p>\t\t\t\t\t\t\t\t<\/div>\n\t\t\t\t<\/div>\n\t\t\t\t<div class=\"elementor-element elementor-element-f0adccd elementor-hidden-desktop elementor-hidden-tablet elementor-hidden-mobile elementor-widget elementor-widget-button\" data-id=\"f0adccd\" data-element_type=\"widget\" data-widget_type=\"button.default\">\n\t\t\t\t<div class=\"elementor-widget-container\">\n\t\t\t\t\t\t\t\t\t<div class=\"elementor-button-wrapper\">\n\t\t\t\t\t<a class=\"elementor-button elementor-button-link elementor-size-sm elementor-animation-grow\" href=\"#\">\n\t\t\t\t\t\t<span class=\"elementor-button-content-wrapper\">\n\t\t\t\t\t\t\t\t\t<span class=\"elementor-button-text\">Ver m\u00e1s<\/span>\n\t\t\t\t\t<\/span>\n\t\t\t\t\t<\/a>\n\t\t\t\t<\/div>\n\t\t\t\t\t\t\t\t<\/div>\n\t\t\t\t<\/div>\n\t\t\t\t\t<\/div>\n\t\t<\/div>\n\t\t\t\t\t<\/div>\n\t\t<\/section>\n\t\t\t\t<\/div>\n\t\t","protected":false},"excerpt":{"rendered":"<p>La Direcci\u00f3n General de Agricultura y Ganader\u00eda (DGAyG) cuenta con el Departamento de Rumiantes Menores, conformado por un equipo de t\u00e9cnicos, laboratoristas y una m\u00e9dica veterinaria, especializados en dichas especies. El mismo ofrece servicios destinados a los peque\u00f1os productores de la provincia de manera gratuita, los cuales se pueden nombrar: Para adquirir los servicios del [&hellip;]<\/p>\n","protected":false},"author":1,"featured_media":0,"parent":0,"menu_order":0,"comment_status":"closed","ping_status":"closed","template":"","meta":{"_acf_changed":false,"footnotes":""},"class_list":["post-547","page","type-page","status-publish","hentry"],"acf":[],"yoast_head":"<!-- This site is optimized with the Yoast SEO plugin v26.4 - https:\/\/yoast.com\/wordpress\/plugins\/seo\/ -->\n<title>Departamento de Rumiantes Menores - Ministerio de Producci\u00f3n de Santiago del Estero<\/title>\n<meta name=\"robots\" content=\"index, follow, max-snippet:-1, max-image-preview:large, max-video-preview:-1\" \/>\n<link rel=\"canonical\" href=\"https:\/\/mproduccion.datacentersgo.gob.ar\/index.php\/departamento-de-rumiantes-menores\/\" \/>\n<meta property=\"og:locale\" content=\"es_ES\" \/>\n<meta property=\"og:type\" content=\"article\" \/>\n<meta property=\"og:title\" content=\"Departamento de Rumiantes Menores - Ministerio de Producci\u00f3n de Santiago del Estero\" \/>\n<meta property=\"og:description\" content=\"La Direcci\u00f3n General de Agricultura y Ganader\u00eda (DGAyG) cuenta con el Departamento de Rumiantes Menores, conformado por un equipo de t\u00e9cnicos, laboratoristas y una m\u00e9dica veterinaria, especializados en dichas especies. El mismo ofrece servicios destinados a los peque\u00f1os productores de la provincia de manera gratuita, los cuales se pueden nombrar: Para adquirir los servicios del [&hellip;]\" \/>\n<meta property=\"og:url\" content=\"https:\/\/mproduccion.datacentersgo.gob.ar\/index.php\/departamento-de-rumiantes-menores\/\" \/>\n<meta property=\"og:site_name\" content=\"Ministerio de Producci\u00f3n de Santiago del Estero\" \/>\n<meta property=\"article:publisher\" content=\"https:\/\/www.facebook.com\/MProduccion\" \/>\n<meta property=\"article:modified_time\" content=\"2026-04-13T15:30:24+00:00\" \/>\n<meta name=\"twitter:card\" content=\"summary_large_image\" \/>\n<script type=\"application\/ld+json\" class=\"yoast-schema-graph\">{\"@context\":\"https:\/\/schema.org\",\"@graph\":[{\"@type\":\"WebPage\",\"@id\":\"https:\/\/mproduccion.datacentersgo.gob.ar\/index.php\/departamento-de-rumiantes-menores\/\",\"url\":\"https:\/\/mproduccion.datacentersgo.gob.ar\/index.php\/departamento-de-rumiantes-menores\/\",\"name\":\"Departamento de Rumiantes Menores - Ministerio de Producci\u00f3n de Santiago del Estero\",\"isPartOf\":{\"@id\":\"https:\/\/mproduccion.datacentersgo.gob.ar\/#website\"},\"datePublished\":\"2024-03-08T21:08:00+00:00\",\"dateModified\":\"2026-04-13T15:30:24+00:00\",\"breadcrumb\":{\"@id\":\"https:\/\/mproduccion.datacentersgo.gob.ar\/index.php\/departamento-de-rumiantes-menores\/#breadcrumb\"},\"inLanguage\":\"es\",\"potentialAction\":[{\"@type\":\"ReadAction\",\"target\":[\"https:\/\/mproduccion.datacentersgo.gob.ar\/index.php\/departamento-de-rumiantes-menores\/\"]}]},{\"@type\":\"BreadcrumbList\",\"@id\":\"https:\/\/mproduccion.datacentersgo.gob.ar\/index.php\/departamento-de-rumiantes-menores\/#breadcrumb\",\"itemListElement\":[{\"@type\":\"ListItem\",\"position\":1,\"name\":\"Portada\",\"item\":\"https:\/\/mproduccion.datacentersgo.gob.ar\/\"},{\"@type\":\"ListItem\",\"position\":2,\"name\":\"Departamento de Rumiantes Menores\"}]},{\"@type\":\"WebSite\",\"@id\":\"https:\/\/mproduccion.datacentersgo.gob.ar\/#website\",\"url\":\"https:\/\/mproduccion.datacentersgo.gob.ar\/\",\"name\":\"Ministerio de Producci\u00f3n de Santiago del Estero\",\"description\":\"\",\"publisher\":{\"@id\":\"https:\/\/mproduccion.datacentersgo.gob.ar\/#organization\"},\"potentialAction\":[{\"@type\":\"SearchAction\",\"target\":{\"@type\":\"EntryPoint\",\"urlTemplate\":\"https:\/\/mproduccion.datacentersgo.gob.ar\/?s={search_term_string}\"},\"query-input\":{\"@type\":\"PropertyValueSpecification\",\"valueRequired\":true,\"valueName\":\"search_term_string\"}}],\"inLanguage\":\"es\"},{\"@type\":\"Organization\",\"@id\":\"https:\/\/mproduccion.datacentersgo.gob.ar\/#organization\",\"name\":\"Ministerio de Producci\u00f3n De Santiago del Estero\",\"url\":\"https:\/\/mproduccion.datacentersgo.gob.ar\/\",\"logo\":{\"@type\":\"ImageObject\",\"inLanguage\":\"es\",\"@id\":\"https:\/\/mproduccion.datacentersgo.gob.ar\/#\/schema\/logo\/image\/\",\"url\":\"https:\/\/mproduccion.datacentersgo.gob.ar\/wp-content\/uploads\/2022\/07\/Ministerio-Produccion-Logo.png\",\"contentUrl\":\"https:\/\/mproduccion.datacentersgo.gob.ar\/wp-content\/uploads\/2022\/07\/Ministerio-Produccion-Logo.png\",\"width\":1000,\"height\":1000,\"caption\":\"Ministerio de Producci\u00f3n De Santiago del Estero\"},\"image\":{\"@id\":\"https:\/\/mproduccion.datacentersgo.gob.ar\/#\/schema\/logo\/image\/\"},\"sameAs\":[\"https:\/\/www.facebook.com\/MProduccion\",\"https:\/\/www.instagram.com\/ministeriodeproduccionsde\/\",\"https:\/\/www.youtube.com\/channel\/UCWZNDXe5X8raCg0SVdIcnjg\"]}]}<\/script>\n<!-- \/ Yoast SEO plugin. -->","yoast_head_json":{"title":"Departamento de Rumiantes Menores - Ministerio de Producci\u00f3n de Santiago del Estero","robots":{"index":"index","follow":"follow","max-snippet":"max-snippet:-1","max-image-preview":"max-image-preview:large","max-video-preview":"max-video-preview:-1"},"canonical":"https:\/\/mproduccion.datacentersgo.gob.ar\/index.php\/departamento-de-rumiantes-menores\/","og_locale":"es_ES","og_type":"article","og_title":"Departamento de Rumiantes Menores - Ministerio de Producci\u00f3n de Santiago del Estero","og_description":"La Direcci\u00f3n General de Agricultura y Ganader\u00eda (DGAyG) cuenta con el Departamento de Rumiantes Menores, conformado por un equipo de t\u00e9cnicos, laboratoristas y una m\u00e9dica veterinaria, especializados en dichas especies. El mismo ofrece servicios destinados a los peque\u00f1os productores de la provincia de manera gratuita, los cuales se pueden nombrar: Para adquirir los servicios del [&hellip;]","og_url":"https:\/\/mproduccion.datacentersgo.gob.ar\/index.php\/departamento-de-rumiantes-menores\/","og_site_name":"Ministerio de Producci\u00f3n de Santiago del Estero","article_publisher":"https:\/\/www.facebook.com\/MProduccion","article_modified_time":"2026-04-13T15:30:24+00:00","twitter_card":"summary_large_image","schema":{"@context":"https:\/\/schema.org","@graph":[{"@type":"WebPage","@id":"https:\/\/mproduccion.datacentersgo.gob.ar\/index.php\/departamento-de-rumiantes-menores\/","url":"https:\/\/mproduccion.datacentersgo.gob.ar\/index.php\/departamento-de-rumiantes-menores\/","name":"Departamento de Rumiantes Menores - Ministerio de Producci\u00f3n de Santiago del Estero","isPartOf":{"@id":"https:\/\/mproduccion.datacentersgo.gob.ar\/#website"},"datePublished":"2024-03-08T21:08:00+00:00","dateModified":"2026-04-13T15:30:24+00:00","breadcrumb":{"@id":"https:\/\/mproduccion.datacentersgo.gob.ar\/index.php\/departamento-de-rumiantes-menores\/#breadcrumb"},"inLanguage":"es","potentialAction":[{"@type":"ReadAction","target":["https:\/\/mproduccion.datacentersgo.gob.ar\/index.php\/departamento-de-rumiantes-menores\/"]}]},{"@type":"BreadcrumbList","@id":"https:\/\/mproduccion.datacentersgo.gob.ar\/index.php\/departamento-de-rumiantes-menores\/#breadcrumb","itemListElement":[{"@type":"ListItem","position":1,"name":"Portada","item":"https:\/\/mproduccion.datacentersgo.gob.ar\/"},{"@type":"ListItem","position":2,"name":"Departamento de Rumiantes Menores"}]},{"@type":"WebSite","@id":"https:\/\/mproduccion.datacentersgo.gob.ar\/#website","url":"https:\/\/mproduccion.datacentersgo.gob.ar\/","name":"Ministerio de Producci\u00f3n de Santiago del Estero","description":"","publisher":{"@id":"https:\/\/mproduccion.datacentersgo.gob.ar\/#organization"},"potentialAction":[{"@type":"SearchAction","target":{"@type":"EntryPoint","urlTemplate":"https:\/\/mproduccion.datacentersgo.gob.ar\/?s={search_term_string}"},"query-input":{"@type":"PropertyValueSpecification","valueRequired":true,"valueName":"search_term_string"}}],"inLanguage":"es"},{"@type":"Organization","@id":"https:\/\/mproduccion.datacentersgo.gob.ar\/#organization","name":"Ministerio de Producci\u00f3n De Santiago del Estero","url":"https:\/\/mproduccion.datacentersgo.gob.ar\/","logo":{"@type":"ImageObject","inLanguage":"es","@id":"https:\/\/mproduccion.datacentersgo.gob.ar\/#\/schema\/logo\/image\/","url":"https:\/\/mproduccion.datacentersgo.gob.ar\/wp-content\/uploads\/2022\/07\/Ministerio-Produccion-Logo.png","contentUrl":"https:\/\/mproduccion.datacentersgo.gob.ar\/wp-content\/uploads\/2022\/07\/Ministerio-Produccion-Logo.png","width":1000,"height":1000,"caption":"Ministerio de Producci\u00f3n De Santiago del Estero"},"image":{"@id":"https:\/\/mproduccion.datacentersgo.gob.ar\/#\/schema\/logo\/image\/"},"sameAs":["https:\/\/www.facebook.com\/MProduccion","https:\/\/www.instagram.com\/ministeriodeproduccionsde\/","https:\/\/www.youtube.com\/channel\/UCWZNDXe5X8raCg0SVdIcnjg"]}]}},"_links":{"self":[{"href":"https:\/\/mproduccion.datacentersgo.gob.ar\/index.php\/wp-json\/wp\/v2\/pages\/547","targetHints":{"allow":["GET"]}}],"collection":[{"href":"https:\/\/mproduccion.datacentersgo.gob.ar\/index.php\/wp-json\/wp\/v2\/pages"}],"about":[{"href":"https:\/\/mproduccion.datacentersgo.gob.ar\/index.php\/wp-json\/wp\/v2\/types\/page"}],"author":[{"embeddable":true,"href":"https:\/\/mproduccion.datacentersgo.gob.ar\/index.php\/wp-json\/wp\/v2\/users\/1"}],"replies":[{"embeddable":true,"href":"https:\/\/mproduccion.datacentersgo.gob.ar\/index.php\/wp-json\/wp\/v2\/comments?post=547"}],"version-history":[{"count":17,"href":"https:\/\/mproduccion.datacentersgo.gob.ar\/index.php\/wp-json\/wp\/v2\/pages\/547\/revisions"}],"predecessor-version":[{"id":1046,"href":"https:\/\/mproduccion.datacentersgo.gob.ar\/index.php\/wp-json\/wp\/v2\/pages\/547\/revisions\/1046"}],"wp:attachment":[{"href":"https:\/\/mproduccion.datacentersgo.gob.ar\/index.php\/wp-json\/wp\/v2\/media?parent=547"}],"curies":[{"name":"wp","href":"https:\/\/api.w.org\/{rel}","templated":true}]}}