{"id":527,"date":"2024-03-08T14:38:28","date_gmt":"2024-03-08T14:38:28","guid":{"rendered":"https:\/\/mproduccion.datacentersgo.gob.ar\/?page_id=527"},"modified":"2024-03-08T14:38:29","modified_gmt":"2024-03-08T14:38:29","slug":"departamento-de-educacion-cooperativa","status":"publish","type":"page","link":"https:\/\/mproduccion.datacentersgo.gob.ar\/index.php\/departamento-de-educacion-cooperativa\/","title":{"rendered":"Departamento de Educaci\u00f3n Cooperativa"},"content":{"rendered":"\n<p>En este departamento se realiza capacitaci\u00f3n a grupos interesado en formar cooperativas, se las constituye, se realiza cursos de Organizaci\u00f3n, de Administraci\u00f3n, estos cursos pueden ser tambi\u00e9n de acuerdo a la necesidad de la cooperativa, como por ejemplo como entender y poder aplicar en la cooperativa su estatuto.<\/p>\n\n\n\n<p>Ante problemas que se le presenta en la cooperativa en este departamento se los gu\u00eda para solucionar mediante el uso de su estatuto social.<\/p>\n\n\n\n<p>Se les ense\u00f1a a realizar Nota, actas, etc.<\/p>\n\n\n\n<p>Se realiza curso de capacitaci\u00f3n en cooperativismo escolar: a Docentes y Alumnos<\/p>\n\n\n\n<p>Gui\u00e1ndolos para la formaci\u00f3n de la Cooperativa Escolar.<\/p>\n\n\n\n<p>El Departamento cuenta como personal, licenciados,&nbsp; t\u00e9cnicos superior en Cooperativismo, adem\u00e1s son Docente en cooperativa.<\/p>\n","protected":false},"excerpt":{"rendered":"<p>En este departamento se realiza capacitaci\u00f3n a grupos interesado en formar cooperativas, se las constituye, se realiza cursos de Organizaci\u00f3n, de Administraci\u00f3n, estos cursos pueden ser tambi\u00e9n de acuerdo a la necesidad de la cooperativa, como por ejemplo como entender y poder aplicar en la cooperativa su estatuto. Ante problemas que se le presenta en [&hellip;]<\/p>\n","protected":false},"author":1,"featured_media":0,"parent":0,"menu_order":0,"comment_status":"closed","ping_status":"closed","template":"","meta":{"_acf_changed":false,"footnotes":""},"class_list":["post-527","page","type-page","status-publish","hentry"],"acf":[],"yoast_head":"<!-- This site is optimized with the Yoast SEO plugin v26.4 - https:\/\/yoast.com\/wordpress\/plugins\/seo\/ -->\n<title>Departamento de Educaci\u00f3n Cooperativa - Ministerio de Producci\u00f3n de Santiago del Estero<\/title>\n<meta name=\"robots\" content=\"index, follow, max-snippet:-1, max-image-preview:large, max-video-preview:-1\" \/>\n<link rel=\"canonical\" href=\"https:\/\/mproduccion.datacentersgo.gob.ar\/index.php\/departamento-de-educacion-cooperativa\/\" \/>\n<meta property=\"og:locale\" content=\"es_ES\" \/>\n<meta property=\"og:type\" content=\"article\" \/>\n<meta property=\"og:title\" content=\"Departamento de Educaci\u00f3n Cooperativa - Ministerio de Producci\u00f3n de Santiago del Estero\" \/>\n<meta property=\"og:description\" content=\"En este departamento se realiza capacitaci\u00f3n a grupos interesado en formar cooperativas, se las constituye, se realiza cursos de Organizaci\u00f3n, de Administraci\u00f3n, estos cursos pueden ser tambi\u00e9n de acuerdo a la necesidad de la cooperativa, como por ejemplo como entender y poder aplicar en la cooperativa su estatuto. Ante problemas que se le presenta en [&hellip;]\" \/>\n<meta property=\"og:url\" content=\"https:\/\/mproduccion.datacentersgo.gob.ar\/index.php\/departamento-de-educacion-cooperativa\/\" \/>\n<meta property=\"og:site_name\" content=\"Ministerio de Producci\u00f3n de Santiago del Estero\" \/>\n<meta property=\"article:publisher\" content=\"https:\/\/www.facebook.com\/MProduccion\" \/>\n<meta property=\"article:modified_time\" content=\"2024-03-08T14:38:29+00:00\" \/>\n<meta name=\"twitter:card\" content=\"summary_large_image\" \/>\n<meta name=\"twitter:label1\" content=\"Tiempo de lectura\" \/>\n\t<meta name=\"twitter:data1\" content=\"1 minuto\" \/>\n<script type=\"application\/ld+json\" class=\"yoast-schema-graph\">{\"@context\":\"https:\/\/schema.org\",\"@graph\":[{\"@type\":\"WebPage\",\"@id\":\"https:\/\/mproduccion.datacentersgo.gob.ar\/index.php\/departamento-de-educacion-cooperativa\/\",\"url\":\"https:\/\/mproduccion.datacentersgo.gob.ar\/index.php\/departamento-de-educacion-cooperativa\/\",\"name\":\"Departamento de Educaci\u00f3n Cooperativa - Ministerio de Producci\u00f3n de Santiago del Estero\",\"isPartOf\":{\"@id\":\"https:\/\/mproduccion.datacentersgo.gob.ar\/#website\"},\"datePublished\":\"2024-03-08T14:38:28+00:00\",\"dateModified\":\"2024-03-08T14:38:29+00:00\",\"breadcrumb\":{\"@id\":\"https:\/\/mproduccion.datacentersgo.gob.ar\/index.php\/departamento-de-educacion-cooperativa\/#breadcrumb\"},\"inLanguage\":\"es\",\"potentialAction\":[{\"@type\":\"ReadAction\",\"target\":[\"https:\/\/mproduccion.datacentersgo.gob.ar\/index.php\/departamento-de-educacion-cooperativa\/\"]}]},{\"@type\":\"BreadcrumbList\",\"@id\":\"https:\/\/mproduccion.datacentersgo.gob.ar\/index.php\/departamento-de-educacion-cooperativa\/#breadcrumb\",\"itemListElement\":[{\"@type\":\"ListItem\",\"position\":1,\"name\":\"Portada\",\"item\":\"https:\/\/mproduccion.datacentersgo.gob.ar\/\"},{\"@type\":\"ListItem\",\"position\":2,\"name\":\"Departamento de Educaci\u00f3n Cooperativa\"}]},{\"@type\":\"WebSite\",\"@id\":\"https:\/\/mproduccion.datacentersgo.gob.ar\/#website\",\"url\":\"https:\/\/mproduccion.datacentersgo.gob.ar\/\",\"name\":\"Ministerio de Producci\u00f3n de Santiago del Estero\",\"description\":\"\",\"publisher\":{\"@id\":\"https:\/\/mproduccion.datacentersgo.gob.ar\/#organization\"},\"potentialAction\":[{\"@type\":\"SearchAction\",\"target\":{\"@type\":\"EntryPoint\",\"urlTemplate\":\"https:\/\/mproduccion.datacentersgo.gob.ar\/?s={search_term_string}\"},\"query-input\":{\"@type\":\"PropertyValueSpecification\",\"valueRequired\":true,\"valueName\":\"search_term_string\"}}],\"inLanguage\":\"es\"},{\"@type\":\"Organization\",\"@id\":\"https:\/\/mproduccion.datacentersgo.gob.ar\/#organization\",\"name\":\"Ministerio de Producci\u00f3n De Santiago del Estero\",\"url\":\"https:\/\/mproduccion.datacentersgo.gob.ar\/\",\"logo\":{\"@type\":\"ImageObject\",\"inLanguage\":\"es\",\"@id\":\"https:\/\/mproduccion.datacentersgo.gob.ar\/#\/schema\/logo\/image\/\",\"url\":\"https:\/\/mproduccion.datacentersgo.gob.ar\/wp-content\/uploads\/2022\/07\/Ministerio-Produccion-Logo.png\",\"contentUrl\":\"https:\/\/mproduccion.datacentersgo.gob.ar\/wp-content\/uploads\/2022\/07\/Ministerio-Produccion-Logo.png\",\"width\":1000,\"height\":1000,\"caption\":\"Ministerio de Producci\u00f3n De Santiago del Estero\"},\"image\":{\"@id\":\"https:\/\/mproduccion.datacentersgo.gob.ar\/#\/schema\/logo\/image\/\"},\"sameAs\":[\"https:\/\/www.facebook.com\/MProduccion\",\"https:\/\/www.instagram.com\/ministeriodeproduccionsde\/\",\"https:\/\/www.youtube.com\/channel\/UCWZNDXe5X8raCg0SVdIcnjg\"]}]}<\/script>\n<!-- \/ Yoast SEO plugin. -->","yoast_head_json":{"title":"Departamento de Educaci\u00f3n Cooperativa - Ministerio de Producci\u00f3n de Santiago del Estero","robots":{"index":"index","follow":"follow","max-snippet":"max-snippet:-1","max-image-preview":"max-image-preview:large","max-video-preview":"max-video-preview:-1"},"canonical":"https:\/\/mproduccion.datacentersgo.gob.ar\/index.php\/departamento-de-educacion-cooperativa\/","og_locale":"es_ES","og_type":"article","og_title":"Departamento de Educaci\u00f3n Cooperativa - Ministerio de Producci\u00f3n de Santiago del Estero","og_description":"En este departamento se realiza capacitaci\u00f3n a grupos interesado en formar cooperativas, se las constituye, se realiza cursos de Organizaci\u00f3n, de Administraci\u00f3n, estos cursos pueden ser tambi\u00e9n de acuerdo a la necesidad de la cooperativa, como por ejemplo como entender y poder aplicar en la cooperativa su estatuto. Ante problemas que se le presenta en [&hellip;]","og_url":"https:\/\/mproduccion.datacentersgo.gob.ar\/index.php\/departamento-de-educacion-cooperativa\/","og_site_name":"Ministerio de Producci\u00f3n de Santiago del Estero","article_publisher":"https:\/\/www.facebook.com\/MProduccion","article_modified_time":"2024-03-08T14:38:29+00:00","twitter_card":"summary_large_image","twitter_misc":{"Tiempo de lectura":"1 minuto"},"schema":{"@context":"https:\/\/schema.org","@graph":[{"@type":"WebPage","@id":"https:\/\/mproduccion.datacentersgo.gob.ar\/index.php\/departamento-de-educacion-cooperativa\/","url":"https:\/\/mproduccion.datacentersgo.gob.ar\/index.php\/departamento-de-educacion-cooperativa\/","name":"Departamento de Educaci\u00f3n Cooperativa - Ministerio de Producci\u00f3n de Santiago del Estero","isPartOf":{"@id":"https:\/\/mproduccion.datacentersgo.gob.ar\/#website"},"datePublished":"2024-03-08T14:38:28+00:00","dateModified":"2024-03-08T14:38:29+00:00","breadcrumb":{"@id":"https:\/\/mproduccion.datacentersgo.gob.ar\/index.php\/departamento-de-educacion-cooperativa\/#breadcrumb"},"inLanguage":"es","potentialAction":[{"@type":"ReadAction","target":["https:\/\/mproduccion.datacentersgo.gob.ar\/index.php\/departamento-de-educacion-cooperativa\/"]}]},{"@type":"BreadcrumbList","@id":"https:\/\/mproduccion.datacentersgo.gob.ar\/index.php\/departamento-de-educacion-cooperativa\/#breadcrumb","itemListElement":[{"@type":"ListItem","position":1,"name":"Portada","item":"https:\/\/mproduccion.datacentersgo.gob.ar\/"},{"@type":"ListItem","position":2,"name":"Departamento de Educaci\u00f3n Cooperativa"}]},{"@type":"WebSite","@id":"https:\/\/mproduccion.datacentersgo.gob.ar\/#website","url":"https:\/\/mproduccion.datacentersgo.gob.ar\/","name":"Ministerio de Producci\u00f3n de Santiago del Estero","description":"","publisher":{"@id":"https:\/\/mproduccion.datacentersgo.gob.ar\/#organization"},"potentialAction":[{"@type":"SearchAction","target":{"@type":"EntryPoint","urlTemplate":"https:\/\/mproduccion.datacentersgo.gob.ar\/?s={search_term_string}"},"query-input":{"@type":"PropertyValueSpecification","valueRequired":true,"valueName":"search_term_string"}}],"inLanguage":"es"},{"@type":"Organization","@id":"https:\/\/mproduccion.datacentersgo.gob.ar\/#organization","name":"Ministerio de Producci\u00f3n De Santiago del Estero","url":"https:\/\/mproduccion.datacentersgo.gob.ar\/","logo":{"@type":"ImageObject","inLanguage":"es","@id":"https:\/\/mproduccion.datacentersgo.gob.ar\/#\/schema\/logo\/image\/","url":"https:\/\/mproduccion.datacentersgo.gob.ar\/wp-content\/uploads\/2022\/07\/Ministerio-Produccion-Logo.png","contentUrl":"https:\/\/mproduccion.datacentersgo.gob.ar\/wp-content\/uploads\/2022\/07\/Ministerio-Produccion-Logo.png","width":1000,"height":1000,"caption":"Ministerio de Producci\u00f3n De Santiago del Estero"},"image":{"@id":"https:\/\/mproduccion.datacentersgo.gob.ar\/#\/schema\/logo\/image\/"},"sameAs":["https:\/\/www.facebook.com\/MProduccion","https:\/\/www.instagram.com\/ministeriodeproduccionsde\/","https:\/\/www.youtube.com\/channel\/UCWZNDXe5X8raCg0SVdIcnjg"]}]}},"_links":{"self":[{"href":"https:\/\/mproduccion.datacentersgo.gob.ar\/index.php\/wp-json\/wp\/v2\/pages\/527","targetHints":{"allow":["GET"]}}],"collection":[{"href":"https:\/\/mproduccion.datacentersgo.gob.ar\/index.php\/wp-json\/wp\/v2\/pages"}],"about":[{"href":"https:\/\/mproduccion.datacentersgo.gob.ar\/index.php\/wp-json\/wp\/v2\/types\/page"}],"author":[{"embeddable":true,"href":"https:\/\/mproduccion.datacentersgo.gob.ar\/index.php\/wp-json\/wp\/v2\/users\/1"}],"replies":[{"embeddable":true,"href":"https:\/\/mproduccion.datacentersgo.gob.ar\/index.php\/wp-json\/wp\/v2\/comments?post=527"}],"version-history":[{"count":1,"href":"https:\/\/mproduccion.datacentersgo.gob.ar\/index.php\/wp-json\/wp\/v2\/pages\/527\/revisions"}],"predecessor-version":[{"id":528,"href":"https:\/\/mproduccion.datacentersgo.gob.ar\/index.php\/wp-json\/wp\/v2\/pages\/527\/revisions\/528"}],"wp:attachment":[{"href":"https:\/\/mproduccion.datacentersgo.gob.ar\/index.php\/wp-json\/wp\/v2\/media?parent=527"}],"curies":[{"name":"wp","href":"https:\/\/api.w.org\/{rel}","templated":true}]}}