{"id":522,"date":"2024-03-08T14:32:28","date_gmt":"2024-03-08T14:32:28","guid":{"rendered":"https:\/\/mproduccion.datacentersgo.gob.ar\/?page_id=522"},"modified":"2024-03-08T14:32:29","modified_gmt":"2024-03-08T14:32:29","slug":"departamento-mutuales","status":"publish","type":"page","link":"https:\/\/mproduccion.datacentersgo.gob.ar\/index.php\/departamento-mutuales\/","title":{"rendered":"Departamento Mutuales"},"content":{"rendered":"\n<h3 class=\"wp-block-heading\">FUNCIONES DEL DEPARTAMENTO MUTUALES<\/h3>\n\n\n\n<ul class=\"wp-block-list\">\n<li>Formaci\u00f3n de Entidades Mutuales<\/li>\n\n\n\n<li>Capacitaci\u00f3n para la formaci\u00f3n antes y despu\u00e9s de haberse constituido.<\/li>\n\n\n\n<li>Rubrica de Libros.<\/li>\n\n\n\n<li>Certificaci\u00f3n de vigencias.<\/li>\n\n\n\n<li>Certificaci\u00f3n de Estatutos.<\/li>\n\n\n\n<li>Contralor de Asambleas<\/li>\n\n\n\n<li> Documentaci\u00f3n correspondiente Asamblea Ordinaria y Extraordinaria<\/li>\n\n\n\n<li>Archivo Mutuales.<\/li>\n<\/ul>\n","protected":false},"excerpt":{"rendered":"<p>FUNCIONES DEL DEPARTAMENTO MUTUALES<\/p>\n","protected":false},"author":1,"featured_media":0,"parent":0,"menu_order":0,"comment_status":"closed","ping_status":"closed","template":"","meta":{"_acf_changed":false,"footnotes":""},"class_list":["post-522","page","type-page","status-publish","hentry"],"acf":[],"yoast_head":"<!-- This site is optimized with the Yoast SEO plugin v26.4 - https:\/\/yoast.com\/wordpress\/plugins\/seo\/ -->\n<title>Departamento Mutuales - Ministerio de Producci\u00f3n de Santiago del Estero<\/title>\n<meta name=\"robots\" content=\"index, follow, max-snippet:-1, max-image-preview:large, max-video-preview:-1\" \/>\n<link rel=\"canonical\" href=\"https:\/\/mproduccion.datacentersgo.gob.ar\/index.php\/departamento-mutuales\/\" \/>\n<meta property=\"og:locale\" content=\"es_ES\" \/>\n<meta property=\"og:type\" content=\"article\" \/>\n<meta property=\"og:title\" content=\"Departamento Mutuales - Ministerio de Producci\u00f3n de Santiago del Estero\" \/>\n<meta property=\"og:description\" content=\"FUNCIONES DEL DEPARTAMENTO MUTUALES\" \/>\n<meta property=\"og:url\" content=\"https:\/\/mproduccion.datacentersgo.gob.ar\/index.php\/departamento-mutuales\/\" \/>\n<meta property=\"og:site_name\" content=\"Ministerio de Producci\u00f3n de Santiago del Estero\" \/>\n<meta property=\"article:publisher\" content=\"https:\/\/www.facebook.com\/MProduccion\" \/>\n<meta property=\"article:modified_time\" content=\"2024-03-08T14:32:29+00:00\" \/>\n<meta name=\"twitter:card\" content=\"summary_large_image\" \/>\n<meta name=\"twitter:label1\" content=\"Tiempo de lectura\" \/>\n\t<meta name=\"twitter:data1\" content=\"1 minuto\" \/>\n<script type=\"application\/ld+json\" class=\"yoast-schema-graph\">{\"@context\":\"https:\/\/schema.org\",\"@graph\":[{\"@type\":\"WebPage\",\"@id\":\"https:\/\/mproduccion.datacentersgo.gob.ar\/index.php\/departamento-mutuales\/\",\"url\":\"https:\/\/mproduccion.datacentersgo.gob.ar\/index.php\/departamento-mutuales\/\",\"name\":\"Departamento Mutuales - Ministerio de Producci\u00f3n de Santiago del Estero\",\"isPartOf\":{\"@id\":\"https:\/\/mproduccion.datacentersgo.gob.ar\/#website\"},\"datePublished\":\"2024-03-08T14:32:28+00:00\",\"dateModified\":\"2024-03-08T14:32:29+00:00\",\"breadcrumb\":{\"@id\":\"https:\/\/mproduccion.datacentersgo.gob.ar\/index.php\/departamento-mutuales\/#breadcrumb\"},\"inLanguage\":\"es\",\"potentialAction\":[{\"@type\":\"ReadAction\",\"target\":[\"https:\/\/mproduccion.datacentersgo.gob.ar\/index.php\/departamento-mutuales\/\"]}]},{\"@type\":\"BreadcrumbList\",\"@id\":\"https:\/\/mproduccion.datacentersgo.gob.ar\/index.php\/departamento-mutuales\/#breadcrumb\",\"itemListElement\":[{\"@type\":\"ListItem\",\"position\":1,\"name\":\"Portada\",\"item\":\"https:\/\/mproduccion.datacentersgo.gob.ar\/\"},{\"@type\":\"ListItem\",\"position\":2,\"name\":\"Departamento Mutuales\"}]},{\"@type\":\"WebSite\",\"@id\":\"https:\/\/mproduccion.datacentersgo.gob.ar\/#website\",\"url\":\"https:\/\/mproduccion.datacentersgo.gob.ar\/\",\"name\":\"Ministerio de Producci\u00f3n de Santiago del Estero\",\"description\":\"\",\"publisher\":{\"@id\":\"https:\/\/mproduccion.datacentersgo.gob.ar\/#organization\"},\"potentialAction\":[{\"@type\":\"SearchAction\",\"target\":{\"@type\":\"EntryPoint\",\"urlTemplate\":\"https:\/\/mproduccion.datacentersgo.gob.ar\/?s={search_term_string}\"},\"query-input\":{\"@type\":\"PropertyValueSpecification\",\"valueRequired\":true,\"valueName\":\"search_term_string\"}}],\"inLanguage\":\"es\"},{\"@type\":\"Organization\",\"@id\":\"https:\/\/mproduccion.datacentersgo.gob.ar\/#organization\",\"name\":\"Ministerio de Producci\u00f3n De Santiago del Estero\",\"url\":\"https:\/\/mproduccion.datacentersgo.gob.ar\/\",\"logo\":{\"@type\":\"ImageObject\",\"inLanguage\":\"es\",\"@id\":\"https:\/\/mproduccion.datacentersgo.gob.ar\/#\/schema\/logo\/image\/\",\"url\":\"https:\/\/mproduccion.datacentersgo.gob.ar\/wp-content\/uploads\/2022\/07\/Ministerio-Produccion-Logo.png\",\"contentUrl\":\"https:\/\/mproduccion.datacentersgo.gob.ar\/wp-content\/uploads\/2022\/07\/Ministerio-Produccion-Logo.png\",\"width\":1000,\"height\":1000,\"caption\":\"Ministerio de Producci\u00f3n De Santiago del Estero\"},\"image\":{\"@id\":\"https:\/\/mproduccion.datacentersgo.gob.ar\/#\/schema\/logo\/image\/\"},\"sameAs\":[\"https:\/\/www.facebook.com\/MProduccion\",\"https:\/\/www.instagram.com\/ministeriodeproduccionsde\/\",\"https:\/\/www.youtube.com\/channel\/UCWZNDXe5X8raCg0SVdIcnjg\"]}]}<\/script>\n<!-- \/ Yoast SEO plugin. -->","yoast_head_json":{"title":"Departamento Mutuales - Ministerio de Producci\u00f3n de Santiago del Estero","robots":{"index":"index","follow":"follow","max-snippet":"max-snippet:-1","max-image-preview":"max-image-preview:large","max-video-preview":"max-video-preview:-1"},"canonical":"https:\/\/mproduccion.datacentersgo.gob.ar\/index.php\/departamento-mutuales\/","og_locale":"es_ES","og_type":"article","og_title":"Departamento Mutuales - Ministerio de Producci\u00f3n de Santiago del Estero","og_description":"FUNCIONES DEL DEPARTAMENTO MUTUALES","og_url":"https:\/\/mproduccion.datacentersgo.gob.ar\/index.php\/departamento-mutuales\/","og_site_name":"Ministerio de Producci\u00f3n de Santiago del Estero","article_publisher":"https:\/\/www.facebook.com\/MProduccion","article_modified_time":"2024-03-08T14:32:29+00:00","twitter_card":"summary_large_image","twitter_misc":{"Tiempo de lectura":"1 minuto"},"schema":{"@context":"https:\/\/schema.org","@graph":[{"@type":"WebPage","@id":"https:\/\/mproduccion.datacentersgo.gob.ar\/index.php\/departamento-mutuales\/","url":"https:\/\/mproduccion.datacentersgo.gob.ar\/index.php\/departamento-mutuales\/","name":"Departamento Mutuales - Ministerio de Producci\u00f3n de Santiago del Estero","isPartOf":{"@id":"https:\/\/mproduccion.datacentersgo.gob.ar\/#website"},"datePublished":"2024-03-08T14:32:28+00:00","dateModified":"2024-03-08T14:32:29+00:00","breadcrumb":{"@id":"https:\/\/mproduccion.datacentersgo.gob.ar\/index.php\/departamento-mutuales\/#breadcrumb"},"inLanguage":"es","potentialAction":[{"@type":"ReadAction","target":["https:\/\/mproduccion.datacentersgo.gob.ar\/index.php\/departamento-mutuales\/"]}]},{"@type":"BreadcrumbList","@id":"https:\/\/mproduccion.datacentersgo.gob.ar\/index.php\/departamento-mutuales\/#breadcrumb","itemListElement":[{"@type":"ListItem","position":1,"name":"Portada","item":"https:\/\/mproduccion.datacentersgo.gob.ar\/"},{"@type":"ListItem","position":2,"name":"Departamento Mutuales"}]},{"@type":"WebSite","@id":"https:\/\/mproduccion.datacentersgo.gob.ar\/#website","url":"https:\/\/mproduccion.datacentersgo.gob.ar\/","name":"Ministerio de Producci\u00f3n de Santiago del Estero","description":"","publisher":{"@id":"https:\/\/mproduccion.datacentersgo.gob.ar\/#organization"},"potentialAction":[{"@type":"SearchAction","target":{"@type":"EntryPoint","urlTemplate":"https:\/\/mproduccion.datacentersgo.gob.ar\/?s={search_term_string}"},"query-input":{"@type":"PropertyValueSpecification","valueRequired":true,"valueName":"search_term_string"}}],"inLanguage":"es"},{"@type":"Organization","@id":"https:\/\/mproduccion.datacentersgo.gob.ar\/#organization","name":"Ministerio de Producci\u00f3n De Santiago del Estero","url":"https:\/\/mproduccion.datacentersgo.gob.ar\/","logo":{"@type":"ImageObject","inLanguage":"es","@id":"https:\/\/mproduccion.datacentersgo.gob.ar\/#\/schema\/logo\/image\/","url":"https:\/\/mproduccion.datacentersgo.gob.ar\/wp-content\/uploads\/2022\/07\/Ministerio-Produccion-Logo.png","contentUrl":"https:\/\/mproduccion.datacentersgo.gob.ar\/wp-content\/uploads\/2022\/07\/Ministerio-Produccion-Logo.png","width":1000,"height":1000,"caption":"Ministerio de Producci\u00f3n De Santiago del Estero"},"image":{"@id":"https:\/\/mproduccion.datacentersgo.gob.ar\/#\/schema\/logo\/image\/"},"sameAs":["https:\/\/www.facebook.com\/MProduccion","https:\/\/www.instagram.com\/ministeriodeproduccionsde\/","https:\/\/www.youtube.com\/channel\/UCWZNDXe5X8raCg0SVdIcnjg"]}]}},"_links":{"self":[{"href":"https:\/\/mproduccion.datacentersgo.gob.ar\/index.php\/wp-json\/wp\/v2\/pages\/522","targetHints":{"allow":["GET"]}}],"collection":[{"href":"https:\/\/mproduccion.datacentersgo.gob.ar\/index.php\/wp-json\/wp\/v2\/pages"}],"about":[{"href":"https:\/\/mproduccion.datacentersgo.gob.ar\/index.php\/wp-json\/wp\/v2\/types\/page"}],"author":[{"embeddable":true,"href":"https:\/\/mproduccion.datacentersgo.gob.ar\/index.php\/wp-json\/wp\/v2\/users\/1"}],"replies":[{"embeddable":true,"href":"https:\/\/mproduccion.datacentersgo.gob.ar\/index.php\/wp-json\/wp\/v2\/comments?post=522"}],"version-history":[{"count":1,"href":"https:\/\/mproduccion.datacentersgo.gob.ar\/index.php\/wp-json\/wp\/v2\/pages\/522\/revisions"}],"predecessor-version":[{"id":524,"href":"https:\/\/mproduccion.datacentersgo.gob.ar\/index.php\/wp-json\/wp\/v2\/pages\/522\/revisions\/524"}],"wp:attachment":[{"href":"https:\/\/mproduccion.datacentersgo.gob.ar\/index.php\/wp-json\/wp\/v2\/media?parent=522"}],"curies":[{"name":"wp","href":"https:\/\/api.w.org\/{rel}","templated":true}]}}